{"id":49,"date":"2025-07-30T19:27:49","date_gmt":"2025-07-30T17:27:49","guid":{"rendered":"https:\/\/www.sybilchalaffre.eu\/?page_id=49"},"modified":"2025-12-07T19:33:05","modified_gmt":"2025-12-07T18:33:05","slug":"crealisations","status":"publish","type":"page","link":"https:\/\/www.sybilchalaffre.eu\/","title":{"rendered":"La proposition"},"content":{"rendered":"\r\n<div class=\"wp-block-cover alignfull is-light\" style=\"padding-top: 17%; padding-bottom: 3rem; text-align: center;\"><img loading=\"lazy\" decoding=\"async\" class=\"alignleft wp-image-63\" src=\"https:\/\/www.sybilchalaffre.eu\/wp-content\/uploads\/2025\/07\/buddy-an-_2QKDBaI4Hk-unsplash-200x300.jpg\" alt=\"\" width=\"312\" height=\"468\" srcset=\"https:\/\/www.sybilchalaffre.eu\/wp-content\/uploads\/2025\/07\/buddy-an-_2QKDBaI4Hk-unsplash-200x300.jpg 200w, https:\/\/www.sybilchalaffre.eu\/wp-content\/uploads\/2025\/07\/buddy-an-_2QKDBaI4Hk-unsplash-683x1024.jpg 683w, https:\/\/www.sybilchalaffre.eu\/wp-content\/uploads\/2025\/07\/buddy-an-_2QKDBaI4Hk-unsplash-768x1152.jpg 768w, https:\/\/www.sybilchalaffre.eu\/wp-content\/uploads\/2025\/07\/buddy-an-_2QKDBaI4Hk-unsplash-1024x1536.jpg 1024w, https:\/\/www.sybilchalaffre.eu\/wp-content\/uploads\/2025\/07\/buddy-an-_2QKDBaI4Hk-unsplash-1365x2048.jpg 1365w, https:\/\/www.sybilchalaffre.eu\/wp-content\/uploads\/2025\/07\/buddy-an-_2QKDBaI4Hk-unsplash-scaled.jpg 1707w\" sizes=\"auto, (max-width: 312px) 100vw, 312px\" \/>\r\n<div class=\"wp-block-cover__inner-container has-global-padding is-layout-constrained wp-container-core-cover-is-layout-29287ccd wp-block-cover-is-layout-constrained\">\r\n<div class=\"wp-block-group alignwide\" style=\"min-height: 520px;\">\r\n<div class=\"wp-block-group\">\r\n<div class=\"wp-block-group\" style=\"margin-top: 1.61rem; padding-right: 0px; padding-left: 0px;\">\r\n<div class=\"wp-block-group\" style=\"margin-top: 0px;\">\r\n<div class=\"wp-block-buttons\" style=\"margin-top: 0.51rem;\">\r\n<div class=\"wp-block-button has-custom-width wp-block-button__width-100 has-custom-font-size is-style-fill\" style=\"font-size: 1.01rem; font-style: normal; font-weight: 600; line-height: 1.5; text-transform: capitalize;\"><span style=\"color: #000000;\"><span style=\"font-size: 72.16px;\">Un voyage po\u00e9tique<\/span><\/span><\/div>\r\n<div>qui propose un pas de c\u00f4t\u00e9, l\u00e0 o\u00f9 l&rsquo;harmonie se trouve dans le chaos&#8230;<\/div>\r\n<\/div>\r\n<\/div>\r\n<\/div>\r\n<\/div>\r\n<\/div>\r\n<\/div>\r\n<\/div>\r\n<div class=\"wp-block-cover alignfull is-light\" style=\"padding: 3.51rem 0px 2.01rem 0px;\">\r\n<div class=\"wp-block-cover__inner-container\">\r\n<div class=\"wp-block-group alignfull\" style=\"margin-top: 0px; margin-bottom: 0px; padding: 0rem 1px 2.01rem 1px;\">\r\n<div class=\"wp-block-columns alignfull\" style=\"padding-top: 0rem;\">\r\n<div class=\"wp-block-column\" style=\"padding: 1rem 0rem 1rem 0rem;\">\r\n<div class=\"wp-block-cover is-light\" style=\"padding-right: 0.51rem; padding-left: 0.51rem; min-height: 390px;\">\r\n<div class=\"wp-block-cover__inner-container\">\r\n<h3>\u00a0<\/h3>\r\n<h3>\u00a0<\/h3>\r\n<h3>\u00a0<\/h3>\r\n<h3>\u00a0<\/h3>\r\n<h3>\u00a0<\/h3>\r\n<h3>\u00a0<\/h3>\r\n<\/div>\r\n<\/div>\r\n<\/div>\r\n<\/div>\r\n<\/div>\r\n<\/div>\r\n<\/div>\r\n<div class=\"wp-block-cover alignfull is-light\" style=\"padding: 3.51rem 0px 2.01rem 0px;\">\r\n<div class=\"wp-block-cover__inner-container\">\r\n<div class=\"wp-block-group alignfull\" style=\"margin-top: 0px; margin-bottom: 0px; padding: 0rem 1px 2.01rem 1px;\">\r\n<div class=\"wp-block-columns alignfull\" style=\"padding-top: 0rem;\">\r\n<div class=\"wp-block-column\" style=\"padding: 1rem 0rem 1rem 0rem;\">\r\n<div class=\"wp-block-cover is-light\" style=\"padding-right: 0.51rem; padding-left: 0.51rem; min-height: 390px;\">\u00a0<\/div>\r\n<\/div>\r\n<\/div>\r\n<\/div>\r\n<\/div>\r\n<\/div>\r\n<div class=\"wp-block-cover alignfull is-light\" style=\"padding: 3.51rem 0px 2.01rem 0px;\">\r\n<div class=\"wp-block-cover__inner-container\">\r\n<div class=\"wp-block-group alignfull\" style=\"margin-top: 0px; margin-bottom: 0px; padding: 0rem 1px 2.01rem 1px;\">\r\n<div class=\"wp-block-columns alignfull\" style=\"padding-top: 0rem;\">\r\n<div class=\"wp-block-column\" style=\"padding: 1rem 0rem 1rem 0rem;\">\r\n<div class=\"wp-block-cover is-light\" style=\"padding-right: 0.51rem; padding-left: 0.51rem; min-height: 390px;\">\r\n<h3 class=\"wp-block-heading has-text-align-center has-text-color\" style=\"color: #fffffd; font-size: 2.51rem; text-align: center;\">\u00a0<\/h3>\r\n<h1 class=\"wp-block-cover__inner-container\"><strong style=\"font-size: 16px;\"><span style=\"color: #fffffd; font-size: 2.51rem; text-align: center;\">or<\/span><\/strong><\/h1>\r\n<\/div>\r\n<\/div>\r\n<\/div>\r\n<\/div>\r\n<\/div>\r\n<\/div>\r\n<div class=\"wp-block-cover alignfull is-light\">\r\n<div class=\"wp-block-cover__inner-container\">\r\n<section class=\"wp-block-group alignfull has-global-padding is-layout-constrained wp-container-core-group-is-layout-cfb15881 wp-block-group-is-layout-constrained\" style=\"margin-top: 0px; font-size:clamp(0.875rem, 0.875rem + ((1vw - 0.2rem) * 0.464), 1.13rem); font-style: normal; font-weight: 400; line-height: 1.4; padding: 4.01rem 1rem 5.01rem 1rem;\">\r\n<div class=\"wp-block-columns is-layout-flex wp-container-core-columns-is-layout-a86bf794 wp-block-columns-is-layout-flex\" style=\"margin-bottom: 0px;\">\r\n<div class=\"wp-block-column has-global-padding is-layout-constrained wp-container-core-column-is-layout-b4ec969c wp-block-column-is-layout-constrained\" style=\"padding-top: 2.01rem;\">\r\n<div class=\"wp-block-group has-global-padding is-layout-constrained wp-container-core-group-is-layout-dca71664 wp-block-group-is-layout-constrained\" style=\"min-height: 100%;\"><\/div>\r\n<\/div>\r\n<div class=\"wp-block-column is-vertically-aligned-center\" style=\"padding-right: 1rem; padding-left: 1rem; flex-basis: 40%;\">\u00a0<\/div>\r\n<\/div>\r\n<\/section>\r\n<\/div>\r\n<\/div>\r\n<div class=\"wp-block-group alignfull\" style=\"padding: 3.51rem 1.01rem 5.01rem 1.01rem;\">\r\n<div class=\"wp-block-group\">\u00a0<\/div>\r\n<\/div>\r\n<section class=\"wp-block-cover alignfull\" style=\"margin-top: 0px; padding-top: 1.01rem; padding-bottom: 1.01rem; min-height: 430px;\">\r\n<div class=\"wp-block-cover__inner-container\">\r\n<div class=\"wp-block-group has-text-color\" style=\"color: #fffffd; margin-top: 0px; font-size: 1.13rem; font-style: normal; font-weight: 400; line-height: 1.4; padding: 0rem 1rem 0rem 1rem;\">\r\n<div class=\"wp-block-group\" style=\"margin-top: 1.81rem; padding-right: 0px; padding-left: 0px;\">\r\n<div class=\"wp-block-group\" style=\"margin-top: 0px;\">\r\n<div class=\"wp-block-buttons\" style=\"margin-top: 0.51rem;\">\r\n<div class=\"wp-block-button has-custom-width wp-block-button__width-100 has-custom-font-size is-style-fill\" style=\"font-size: 1.01rem; font-style: normal; font-weight: 600; line-height: 1.5; text-transform: uppercase;\">\u00a0<\/div>\r\n<\/div>\r\n<\/div>\r\n<\/div>\r\n<\/div>\r\n<\/div>\r\n<\/section>","protected":false},"excerpt":{"rendered":"","protected":false},"author":1,"featured_media":0,"parent":0,"menu_order":0,"comment_status":"closed","ping_status":"closed","template":"","meta":{"footnotes":""},"class_list":["post-49","page","type-page","status-publish","hentry"],"_links":{"self":[{"href":"https:\/\/www.sybilchalaffre.eu\/index.php?rest_route=\/wp\/v2\/pages\/49","targetHints":{"allow":["GET"]}}],"collection":[{"href":"https:\/\/www.sybilchalaffre.eu\/index.php?rest_route=\/wp\/v2\/pages"}],"about":[{"href":"https:\/\/www.sybilchalaffre.eu\/index.php?rest_route=\/wp\/v2\/types\/page"}],"author":[{"embeddable":true,"href":"https:\/\/www.sybilchalaffre.eu\/index.php?rest_route=\/wp\/v2\/users\/1"}],"replies":[{"embeddable":true,"href":"https:\/\/www.sybilchalaffre.eu\/index.php?rest_route=%2Fwp%2Fv2%2Fcomments&post=49"}],"version-history":[{"count":19,"href":"https:\/\/www.sybilchalaffre.eu\/index.php?rest_route=\/wp\/v2\/pages\/49\/revisions"}],"predecessor-version":[{"id":84,"href":"https:\/\/www.sybilchalaffre.eu\/index.php?rest_route=\/wp\/v2\/pages\/49\/revisions\/84"}],"wp:attachment":[{"href":"https:\/\/www.sybilchalaffre.eu\/index.php?rest_route=%2Fwp%2Fv2%2Fmedia&parent=49"}],"curies":[{"name":"wp","href":"https:\/\/api.w.org\/{rel}","templated":true}]}}